{"id":3105,"date":"2022-06-25T07:39:24","date_gmt":"2022-06-25T07:39:24","guid":{"rendered":"http:\/\/astrolabe.band\/?page_id=3105"},"modified":"2022-06-25T07:57:41","modified_gmt":"2022-06-25T07:57:41","slug":"michal-jaros-bio","status":"publish","type":"page","link":"https:\/\/astrolabe.band\/index.php\/blog\/michal-jaros-bio\/","title":{"rendered":"Micha\u0142 Jaros &#8211; kontrabas"},"content":{"rendered":"\t\t<div data-elementor-type=\"wp-page\" data-elementor-id=\"3105\" class=\"elementor elementor-3105\">\n\t\t\t\t\t\t<section class=\"elementor-section elementor-top-section elementor-element elementor-element-1de5b79e elementor-section-boxed elementor-section-height-default elementor-section-height-default\" data-id=\"1de5b79e\" data-element_type=\"section\">\n\t\t\t\t\t\t<div class=\"elementor-container elementor-column-gap-default\">\n\t\t\t\t\t<div class=\"elementor-column elementor-col-33 elementor-top-column elementor-element elementor-element-2a505478\" data-id=\"2a505478\" data-element_type=\"column\">\n\t\t\t<div class=\"elementor-widget-wrap elementor-element-populated\">\n\t\t\t\t\t\t<div class=\"elementor-element elementor-element-15b76e91 team-img elementor-widget elementor-widget-image\" data-id=\"15b76e91\" data-element_type=\"widget\" data-widget_type=\"image.default\">\n\t\t\t\t<div class=\"elementor-widget-container\">\n\t\t\t\t\t\t\t\t\t\t\t\t\t\t\t<img fetchpriority=\"high\" decoding=\"async\" width=\"356\" height=\"620\" src=\"https:\/\/astrolabe.band\/wp-content\/uploads\/2022\/06\/Michal_bio.jpg\" class=\"attachment-full size-full wp-image-2821\" alt=\"\" srcset=\"https:\/\/astrolabe.band\/wp-content\/uploads\/2022\/06\/Michal_bio.jpg 356w, https:\/\/astrolabe.band\/wp-content\/uploads\/2022\/06\/Michal_bio-172x300.jpg 172w\" sizes=\"(max-width: 356px) 100vw, 356px\" \/>\t\t\t\t\t\t\t\t\t\t\t\t\t\t\t<\/div>\n\t\t\t\t<\/div>\n\t\t\t\t<div class=\"elementor-element elementor-element-e4a35a6 elementor-absolute elementor-widget elementor-widget-text-editor\" data-id=\"e4a35a6\" data-element_type=\"widget\" data-settings=\"{&quot;_position&quot;:&quot;absolute&quot;}\" data-widget_type=\"text-editor.default\">\n\t\t\t\t<div class=\"elementor-widget-container\">\n\t\t\t\t\t\t\t\t\t<h6>fot. M. Arkiensztejn<\/h6>\t\t\t\t\t\t\t\t<\/div>\n\t\t\t\t<\/div>\n\t\t\t\t\t<\/div>\n\t\t<\/div>\n\t\t\t\t<div class=\"elementor-column elementor-col-33 elementor-top-column elementor-element elementor-element-56b28247\" data-id=\"56b28247\" data-element_type=\"column\">\n\t\t\t<div class=\"elementor-widget-wrap elementor-element-populated\">\n\t\t\t\t\t\t<div class=\"elementor-element elementor-element-621a227b team-desc elementor-widget elementor-widget-text-editor\" data-id=\"621a227b\" data-element_type=\"widget\" data-widget_type=\"text-editor.default\">\n\t\t\t\t<div class=\"elementor-widget-container\">\n\t\t\t\t\t\t\t\t\t<h3 class=\"team-title\"><strong>Micha\u0142 Jaros<\/strong><\/h3>\t\t\t\t\t\t\t\t<\/div>\n\t\t\t\t<\/div>\n\t\t\t\t<div class=\"elementor-element elementor-element-61cc63dc elementor-widget elementor-widget-text-editor\" data-id=\"61cc63dc\" data-element_type=\"widget\" data-widget_type=\"text-editor.default\">\n\t\t\t\t<div class=\"elementor-widget-container\">\n\t\t\t\t\t\t\t\t\t<p>kontrabasista, absolwent Wydzia\u0142u Jazzu i Policealnego Studium Jazzu przy Zespole Pan\u0301stwowych Szk\u00f3\u0142 Muzycznych II stopnia im. F. Chopina w Warszawie, oraz Wydzia\u0142u Jazzu i Muzyki Rozrywkowej Akademii Muzycznej im. K. Szymanowskiego w Katowicach.<\/p><p>W 1996 r. na festiwalu Jazz nad Odra\u0328 otrzyma\u0142 nagrode\u0328 Grand Prix. W 2002 roku razem z P. Kaczmarczykiem i P. Dobrowolskim otrzyma\u0142 I nagrode\u0328 w konkursie Jazz Juniors w Krakowie. W 2003 roku zosta\u0142 laureatem nagrody Grand Prix w konkursie jazzu tradycyjnego Hot Jazz Spring w Cze\u0328stochowie (statuetka Swinguja\u0328cego Kruka). W 2009 roku zosta\u0142 laureatem Festiwalu Folkowego Polskiego Radia. Koncertowa\u0142\u00a0z czo\u0142owymi muzykami polskiej i zagranicznej sceny jazzowej, takimi jak: Ishmael Wadada Leo Smith, Ronnie Cuber, Judy Bady, David Linx, Patricia Barber, Jerome Sabbagh, Maciej Obara, Janusz Muniak, Zbigniew Namys\u0142owski, Piotr Wojtasik, Maciej Sika\u0142a.<\/p><p>Do jego ostatnich nagran\u0301 p\u0142ytowych nalez\u0307a\u0328 autorski album \u201cFloating Bridges\u201d &#8211; Micha\u0142 Jaros (2019)<\/p><p>\u00a0<\/p>\t\t\t\t\t\t\t\t<\/div>\n\t\t\t\t<\/div>\n\t\t\t\t\t<\/div>\n\t\t<\/div>\n\t\t\t\t<div class=\"elementor-column elementor-col-33 elementor-top-column elementor-element elementor-element-f7fb855\" data-id=\"f7fb855\" data-element_type=\"column\">\n\t\t\t<div class=\"elementor-widget-wrap elementor-element-populated\">\n\t\t\t\t\t\t<div class=\"elementor-element elementor-element-494adec elementor-widget elementor-widget-spacer\" data-id=\"494adec\" data-element_type=\"widget\" data-widget_type=\"spacer.default\">\n\t\t\t\t<div class=\"elementor-widget-container\">\n\t\t\t\t\t\t\t<div class=\"elementor-spacer\">\n\t\t\t<div class=\"elementor-spacer-inner\"><\/div>\n\t\t<\/div>\n\t\t\t\t\t\t<\/div>\n\t\t\t\t<\/div>\n\t\t\t\t\t<\/div>\n\t\t<\/div>\n\t\t\t\t\t<\/div>\n\t\t<\/section>\n\t\t\t\t<\/div>\n\t\t","protected":false},"excerpt":{"rendered":"<p>fot. M. Arkiensztejn Micha\u0142 Jaros kontrabasista, absolwent Wydzia\u0142u Jazzu i Policealnego Studium Jazzu przy Zespole Pan\u0301stwowych Szk\u00f3\u0142 Muzycznych II stopnia im. F. Chopina w Warszawie, oraz Wydzia\u0142u Jazzu i Muzyki Rozrywkowej Akademii Muzycznej im. K. Szymanowskiego w Katowicach. W 1996 r. na festiwalu Jazz nad Odra\u0328 otrzyma\u0142 nagrode\u0328 Grand Prix. W 2002 roku razem z P. Kaczmarczykiem i P. Dobrowolskim&#8230;<\/p>\n","protected":false},"author":1,"featured_media":0,"parent":707,"menu_order":0,"comment_status":"closed","ping_status":"closed","template":"","meta":{"footnotes":""},"class_list":["post-3105","page","type-page","status-publish","hentry"],"acf":[],"_links":{"self":[{"href":"https:\/\/astrolabe.band\/index.php\/wp-json\/wp\/v2\/pages\/3105","targetHints":{"allow":["GET"]}}],"collection":[{"href":"https:\/\/astrolabe.band\/index.php\/wp-json\/wp\/v2\/pages"}],"about":[{"href":"https:\/\/astrolabe.band\/index.php\/wp-json\/wp\/v2\/types\/page"}],"author":[{"embeddable":true,"href":"https:\/\/astrolabe.band\/index.php\/wp-json\/wp\/v2\/users\/1"}],"replies":[{"embeddable":true,"href":"https:\/\/astrolabe.band\/index.php\/wp-json\/wp\/v2\/comments?post=3105"}],"version-history":[{"count":10,"href":"https:\/\/astrolabe.band\/index.php\/wp-json\/wp\/v2\/pages\/3105\/revisions"}],"predecessor-version":[{"id":3129,"href":"https:\/\/astrolabe.band\/index.php\/wp-json\/wp\/v2\/pages\/3105\/revisions\/3129"}],"up":[{"embeddable":true,"href":"https:\/\/astrolabe.band\/index.php\/wp-json\/wp\/v2\/pages\/707"}],"wp:attachment":[{"href":"https:\/\/astrolabe.band\/index.php\/wp-json\/wp\/v2\/media?parent=3105"}],"curies":[{"name":"wp","href":"https:\/\/api.w.org\/{rel}","templated":true}]}}