{"id":3104,"date":"2022-06-25T07:39:24","date_gmt":"2022-06-25T07:39:24","guid":{"rendered":"http:\/\/astrolabe.band\/?page_id=3104"},"modified":"2022-06-27T20:15:20","modified_gmt":"2022-06-27T20:15:20","slug":"marcin-jahr-bio","status":"publish","type":"page","link":"https:\/\/astrolabe.band\/index.php\/blog\/marcin-jahr-bio\/","title":{"rendered":"Marcin Jahr &#8211; perkusja i instrumenty perkusyjne"},"content":{"rendered":"\t\t<div data-elementor-type=\"wp-page\" data-elementor-id=\"3104\" class=\"elementor elementor-3104\">\n\t\t\t\t\t\t<section class=\"elementor-section elementor-top-section elementor-element elementor-element-1de5b79e elementor-section-boxed elementor-section-height-default elementor-section-height-default\" data-id=\"1de5b79e\" data-element_type=\"section\">\n\t\t\t\t\t\t<div class=\"elementor-container elementor-column-gap-default\">\n\t\t\t\t\t<div class=\"elementor-column elementor-col-33 elementor-top-column elementor-element elementor-element-2a505478\" data-id=\"2a505478\" data-element_type=\"column\">\n\t\t\t<div class=\"elementor-widget-wrap elementor-element-populated\">\n\t\t\t\t\t\t<div class=\"elementor-element elementor-element-15b76e91 team-img elementor-widget elementor-widget-image\" data-id=\"15b76e91\" data-element_type=\"widget\" data-widget_type=\"image.default\">\n\t\t\t\t<div class=\"elementor-widget-container\">\n\t\t\t\t\t\t\t\t\t\t\t\t\t\t\t<img fetchpriority=\"high\" decoding=\"async\" width=\"356\" height=\"620\" src=\"https:\/\/astrolabe.band\/wp-content\/uploads\/2022\/06\/Marcin_bio.jpg\" class=\"attachment-full size-full wp-image-2820\" alt=\"\" srcset=\"https:\/\/astrolabe.band\/wp-content\/uploads\/2022\/06\/Marcin_bio.jpg 356w, https:\/\/astrolabe.band\/wp-content\/uploads\/2022\/06\/Marcin_bio-172x300.jpg 172w\" sizes=\"(max-width: 356px) 100vw, 356px\" \/>\t\t\t\t\t\t\t\t\t\t\t\t\t\t\t<\/div>\n\t\t\t\t<\/div>\n\t\t\t\t\t<\/div>\n\t\t<\/div>\n\t\t\t\t<div class=\"elementor-column elementor-col-33 elementor-top-column elementor-element elementor-element-56b28247\" data-id=\"56b28247\" data-element_type=\"column\">\n\t\t\t<div class=\"elementor-widget-wrap elementor-element-populated\">\n\t\t\t\t\t\t<div class=\"elementor-element elementor-element-621a227b team-desc elementor-widget elementor-widget-text-editor\" data-id=\"621a227b\" data-element_type=\"widget\" data-widget_type=\"text-editor.default\">\n\t\t\t\t<div class=\"elementor-widget-container\">\n\t\t\t\t\t\t\t\t\t<h3 class=\"team-title\"><strong>Marcin Jahr<\/strong><\/h3>\t\t\t\t\t\t\t\t<\/div>\n\t\t\t\t<\/div>\n\t\t\t\t<div class=\"elementor-element elementor-element-61cc63dc elementor-widget elementor-widget-text-editor\" data-id=\"61cc63dc\" data-element_type=\"widget\" data-widget_type=\"text-editor.default\">\n\t\t\t\t<div class=\"elementor-widget-container\">\n\t\t\t\t\t\t\t\t\t<p>perkusista jazzowy, absolwent Wydzia\u0142u Jazzu i Muzyki Rozrywkowej Akademii Muzycznej w Katowicach<\/p><p>By\u0142 zwia\u0328zany z bydgoskimi klubami, m.in. \u201eBogartem\u201d <br \/>i \u201eM\u00f3zgiem\u201d oraz r\u00f3z\u0307nymi formacjami muzycznymi.<\/p><p>Profesjonalna\u0328 kariere\u0328 rozpocza\u0328\u0142 w Kwintecie Jana \u201cPtaszyna\u201d Wr\u00f3blewskiego w 1987 roku, z kt\u00f3rym do dzisiaj wsp\u00f3\u0142pracuje. Grywa\u0142 mie\u0328dzy innymi z: Garrisonem Fewellem, Nicolasem Simionem, Joachimem Menclem, Piotrem Wojtasikiem (\u201cLonely Town\u201d zosta\u0142o uznane przez czytelnik\u00f3w czasopisma \u201cJazz Forum\u201d P\u0142yta\u0328 Roku 1995), Mieczys\u0142awem Szczes\u0301niakiem, Kuba\u0328 Stankiewiczem, Lora\u0328 Szafran, z zespo\u0142em \u201cNew Presentation\u201d, Karolem Szymanowskim, Jackiem Niedziela\u0328, Piotrem Baronem, Zbigniewem Namys\u0142owskim; okazjonalnie z Tomaszem Stan\u0301ko, Januszem Muniakiem, Leszkiem Ku\u0142akowskim, Krzysztofem Herdzinem. We wsp\u00f3\u0142pracy z tymi wykonawcami nagra\u0142 ok. 20 p\u0142yt dla r\u00f3z\u0307nych wytw\u00f3rni.<\/p><p>Wie\u0328cej o Marcinie Jahrze:\u00a0<a href=\"http:\/\/www.marcinjahr.com\/\">http:\/\/www.marcinjahr.com<\/a><\/p>\t\t\t\t\t\t\t\t<\/div>\n\t\t\t\t<\/div>\n\t\t\t\t\t<\/div>\n\t\t<\/div>\n\t\t\t\t<div class=\"elementor-column elementor-col-33 elementor-top-column elementor-element elementor-element-f7fb855\" data-id=\"f7fb855\" data-element_type=\"column\">\n\t\t\t<div class=\"elementor-widget-wrap elementor-element-populated\">\n\t\t\t\t\t\t<div class=\"elementor-element elementor-element-494adec elementor-widget elementor-widget-spacer\" data-id=\"494adec\" data-element_type=\"widget\" data-widget_type=\"spacer.default\">\n\t\t\t\t<div class=\"elementor-widget-container\">\n\t\t\t\t\t\t\t<div class=\"elementor-spacer\">\n\t\t\t<div class=\"elementor-spacer-inner\"><\/div>\n\t\t<\/div>\n\t\t\t\t\t\t<\/div>\n\t\t\t\t<\/div>\n\t\t\t\t<div class=\"elementor-element elementor-element-bafd678 elementor-widget elementor-widget-text-editor\" data-id=\"bafd678\" data-element_type=\"widget\" data-widget_type=\"text-editor.default\">\n\t\t\t\t<div class=\"elementor-widget-container\">\n\t\t\t\t\t\t\t\t\t<p>.<\/p>\t\t\t\t\t\t\t\t<\/div>\n\t\t\t\t<\/div>\n\t\t\t\t\t<\/div>\n\t\t<\/div>\n\t\t\t\t\t<\/div>\n\t\t<\/section>\n\t\t\t\t<\/div>\n\t\t","protected":false},"excerpt":{"rendered":"<p>Marcin Jahr perkusista jazzowy, absolwent Wydzia\u0142u Jazzu i Muzyki Rozrywkowej Akademii Muzycznej w Katowicach By\u0142 zwia\u0328zany z bydgoskimi klubami, m.in. \u201eBogartem\u201d i \u201eM\u00f3zgiem\u201d oraz r\u00f3z\u0307nymi formacjami muzycznymi. Profesjonalna\u0328 kariere\u0328 rozpocza\u0328\u0142 w Kwintecie Jana \u201cPtaszyna\u201d Wr\u00f3blewskiego w 1987 roku, z kt\u00f3rym do dzisiaj wsp\u00f3\u0142pracuje. Grywa\u0142 mie\u0328dzy innymi z: Garrisonem Fewellem, Nicolasem Simionem, Joachimem Menclem, Piotrem Wojtasikiem (\u201cLonely Town\u201d zosta\u0142o uznane przez&#8230;<\/p>\n","protected":false},"author":1,"featured_media":0,"parent":707,"menu_order":0,"comment_status":"closed","ping_status":"closed","template":"","meta":{"footnotes":""},"class_list":["post-3104","page","type-page","status-publish","hentry"],"acf":[],"_links":{"self":[{"href":"https:\/\/astrolabe.band\/index.php\/wp-json\/wp\/v2\/pages\/3104","targetHints":{"allow":["GET"]}}],"collection":[{"href":"https:\/\/astrolabe.band\/index.php\/wp-json\/wp\/v2\/pages"}],"about":[{"href":"https:\/\/astrolabe.band\/index.php\/wp-json\/wp\/v2\/types\/page"}],"author":[{"embeddable":true,"href":"https:\/\/astrolabe.band\/index.php\/wp-json\/wp\/v2\/users\/1"}],"replies":[{"embeddable":true,"href":"https:\/\/astrolabe.band\/index.php\/wp-json\/wp\/v2\/comments?post=3104"}],"version-history":[{"count":7,"href":"https:\/\/astrolabe.band\/index.php\/wp-json\/wp\/v2\/pages\/3104\/revisions"}],"predecessor-version":[{"id":3334,"href":"https:\/\/astrolabe.band\/index.php\/wp-json\/wp\/v2\/pages\/3104\/revisions\/3334"}],"up":[{"embeddable":true,"href":"https:\/\/astrolabe.band\/index.php\/wp-json\/wp\/v2\/pages\/707"}],"wp:attachment":[{"href":"https:\/\/astrolabe.band\/index.php\/wp-json\/wp\/v2\/media?parent=3104"}],"curies":[{"name":"wp","href":"https:\/\/api.w.org\/{rel}","templated":true}]}}