{"id":3103,"date":"2022-06-25T07:39:24","date_gmt":"2022-06-25T07:39:24","guid":{"rendered":"http:\/\/astrolabe.band\/?page_id=3103"},"modified":"2022-10-12T18:11:50","modified_gmt":"2022-10-12T18:11:50","slug":"maciej-wierzyski_bio-3","status":"publish","type":"page","link":"https:\/\/astrolabe.band\/index.php\/blog\/maciej-wierzyski_bio-3\/","title":{"rendered":"Maciej Wie\u017cy\u0144ski &#8211; gitara rytmiczna"},"content":{"rendered":"\t\t<div data-elementor-type=\"wp-page\" data-elementor-id=\"3103\" class=\"elementor elementor-3103\">\n\t\t\t\t\t\t<section class=\"elementor-section elementor-top-section elementor-element elementor-element-1de5b79e elementor-section-boxed elementor-section-height-default elementor-section-height-default\" data-id=\"1de5b79e\" data-element_type=\"section\">\n\t\t\t\t\t\t<div class=\"elementor-container elementor-column-gap-default\">\n\t\t\t\t\t<div class=\"elementor-column elementor-col-33 elementor-top-column elementor-element elementor-element-2a505478\" data-id=\"2a505478\" data-element_type=\"column\">\n\t\t\t<div class=\"elementor-widget-wrap elementor-element-populated\">\n\t\t\t\t\t\t<div class=\"elementor-element elementor-element-15b76e91 team-img elementor-widget elementor-widget-image\" data-id=\"15b76e91\" data-element_type=\"widget\" data-widget_type=\"image.default\">\n\t\t\t\t<div class=\"elementor-widget-container\">\n\t\t\t\t\t\t\t\t\t\t\t\t\t\t\t<img fetchpriority=\"high\" decoding=\"async\" width=\"356\" height=\"620\" src=\"https:\/\/astrolabe.band\/wp-content\/uploads\/2022\/10\/Maciej_bio2.jpg\" class=\"attachment-full size-full wp-image-3447\" alt=\"\" srcset=\"https:\/\/astrolabe.band\/wp-content\/uploads\/2022\/10\/Maciej_bio2.jpg 356w, https:\/\/astrolabe.band\/wp-content\/uploads\/2022\/10\/Maciej_bio2-172x300.jpg 172w, https:\/\/astrolabe.band\/wp-content\/uploads\/2022\/10\/Maciej_bio2-7x12.jpg 7w\" sizes=\"(max-width: 356px) 100vw, 356px\" \/>\t\t\t\t\t\t\t\t\t\t\t\t\t\t\t<\/div>\n\t\t\t\t<\/div>\n\t\t\t\t\t<\/div>\n\t\t<\/div>\n\t\t\t\t<div class=\"elementor-column elementor-col-33 elementor-top-column elementor-element elementor-element-56b28247\" data-id=\"56b28247\" data-element_type=\"column\">\n\t\t\t<div class=\"elementor-widget-wrap elementor-element-populated\">\n\t\t\t\t\t\t<div class=\"elementor-element elementor-element-621a227b team-desc elementor-widget elementor-widget-text-editor\" data-id=\"621a227b\" data-element_type=\"widget\" data-widget_type=\"text-editor.default\">\n\t\t\t\t<div class=\"elementor-widget-container\">\n\t\t\t\t\t\t\t\t\t<h3 class=\"team-title\"><strong>Maciej Wie\u017cy\u0144ski<\/strong><\/h3>\t\t\t\t\t\t\t\t<\/div>\n\t\t\t\t<\/div>\n\t\t\t\t<div class=\"elementor-element elementor-element-61cc63dc elementor-widget elementor-widget-text-editor\" data-id=\"61cc63dc\" data-element_type=\"widget\" data-widget_type=\"text-editor.default\">\n\t\t\t\t<div class=\"elementor-widget-container\">\n\t\t\t\t\t\t\t\t\t<p>gitarzysta, kompozytor, pedagog<\/p><p>Studiowa\u0142 gitar\u0119 klasyczn\u0105 u profesora Jerzego Nalepki, gitar\u0119 flamenco u Jakuba Niedoborka. Wsp\u00f3\u0142pracowa\u0142 <br \/>z Teatrem Ta\u0144ca Politechniki Lubelskiej. Jest autorem muzyki do spektaklu znanej francuskiej tancerki <br \/>i performerki Sosany Marcelino. Warsztat jazzowy szlifuje u Krzysi G\u00f3rniak. Najlepiej czuje si\u0119 w klimatach po\u0142udniowych zwi\u0105zanych z gitar\u0105 hiszpa\u0144sk\u0105. Otrzyma\u0142 dyplom ministra kultury i sztuki za aran\u017cacj\u0119 instrumentaln\u0105 utworu w konkursie pami\u0119ci Jacka Kaczmarskiego. Jest liderem zespo\u0142u Madrugada Sombra \u0142\u0105cz\u0105cego muzyk\u0119 polsk\u0105 z flamenco. Zesp\u00f3\u0142 otrzyma\u0142 wyr\u00f3\u017cnienie w mi\u0119dzynarodowym konkursie Miko\u0142ajki Folkowe.<\/p><p>Od 2022 jest cz\u0142onkiem zespo\u0142u Astrolabe.<\/p>\t\t\t\t\t\t\t\t<\/div>\n\t\t\t\t<\/div>\n\t\t\t\t\t<\/div>\n\t\t<\/div>\n\t\t\t\t<div class=\"elementor-column elementor-col-33 elementor-top-column elementor-element elementor-element-f7fb855\" data-id=\"f7fb855\" data-element_type=\"column\">\n\t\t\t<div class=\"elementor-widget-wrap elementor-element-populated\">\n\t\t\t\t\t\t<div class=\"elementor-element elementor-element-494adec elementor-widget elementor-widget-spacer\" data-id=\"494adec\" data-element_type=\"widget\" data-widget_type=\"spacer.default\">\n\t\t\t\t<div class=\"elementor-widget-container\">\n\t\t\t\t\t\t\t<div class=\"elementor-spacer\">\n\t\t\t<div class=\"elementor-spacer-inner\"><\/div>\n\t\t<\/div>\n\t\t\t\t\t\t<\/div>\n\t\t\t\t<\/div>\n\t\t\t\t\t<\/div>\n\t\t<\/div>\n\t\t\t\t\t<\/div>\n\t\t<\/section>\n\t\t\t\t<\/div>\n\t\t","protected":false},"excerpt":{"rendered":"<p>Maciej Wie\u017cy\u0144ski gitarzysta, kompozytor, pedagog Studiowa\u0142 gitar\u0119 klasyczn\u0105 u profesora Jerzego Nalepki, gitar\u0119 flamenco u Jakuba Niedoborka. Wsp\u00f3\u0142pracowa\u0142 z Teatrem Ta\u0144ca Politechniki Lubelskiej. Jest autorem muzyki do spektaklu znanej francuskiej tancerki i performerki Sosany Marcelino. Warsztat jazzowy szlifuje u Krzysi G\u00f3rniak. Najlepiej czuje si\u0119 w klimatach po\u0142udniowych zwi\u0105zanych z gitar\u0105 hiszpa\u0144sk\u0105. Otrzyma\u0142 dyplom ministra kultury i sztuki za aran\u017cacj\u0119 instrumentaln\u0105&#8230;<\/p>\n","protected":false},"author":1,"featured_media":0,"parent":707,"menu_order":0,"comment_status":"closed","ping_status":"closed","template":"","meta":{"footnotes":""},"class_list":["post-3103","page","type-page","status-publish","hentry"],"acf":[],"_links":{"self":[{"href":"https:\/\/astrolabe.band\/index.php\/wp-json\/wp\/v2\/pages\/3103","targetHints":{"allow":["GET"]}}],"collection":[{"href":"https:\/\/astrolabe.band\/index.php\/wp-json\/wp\/v2\/pages"}],"about":[{"href":"https:\/\/astrolabe.band\/index.php\/wp-json\/wp\/v2\/types\/page"}],"author":[{"embeddable":true,"href":"https:\/\/astrolabe.band\/index.php\/wp-json\/wp\/v2\/users\/1"}],"replies":[{"embeddable":true,"href":"https:\/\/astrolabe.band\/index.php\/wp-json\/wp\/v2\/comments?post=3103"}],"version-history":[{"count":18,"href":"https:\/\/astrolabe.band\/index.php\/wp-json\/wp\/v2\/pages\/3103\/revisions"}],"predecessor-version":[{"id":3456,"href":"https:\/\/astrolabe.band\/index.php\/wp-json\/wp\/v2\/pages\/3103\/revisions\/3456"}],"up":[{"embeddable":true,"href":"https:\/\/astrolabe.band\/index.php\/wp-json\/wp\/v2\/pages\/707"}],"wp:attachment":[{"href":"https:\/\/astrolabe.band\/index.php\/wp-json\/wp\/v2\/media?parent=3103"}],"curies":[{"name":"wp","href":"https:\/\/api.w.org\/{rel}","templated":true}]}}