{"id":1172,"date":"2019-12-04T10:51:53","date_gmt":"2019-12-04T10:51:53","guid":{"rendered":"https:\/\/matchthemes.com\/demowp\/caverta\/?page_id=1172"},"modified":"2025-12-09T13:25:53","modified_gmt":"2025-12-09T13:25:53","slug":"rui-teles_bio","status":"publish","type":"page","link":"https:\/\/astrolabe.band\/index.php\/blog\/rui-teles_bio\/","title":{"rendered":"Rui Teles &#8211; wokal"},"content":{"rendered":"\t\t<div data-elementor-type=\"wp-page\" data-elementor-id=\"1172\" class=\"elementor elementor-1172\">\n\t\t\t\t\t\t<section class=\"elementor-section elementor-top-section elementor-element elementor-element-1de5b79e elementor-section-boxed elementor-section-height-default elementor-section-height-default\" data-id=\"1de5b79e\" data-element_type=\"section\">\n\t\t\t\t\t\t<div class=\"elementor-container elementor-column-gap-default\">\n\t\t\t\t\t<div class=\"elementor-column elementor-col-33 elementor-top-column elementor-element elementor-element-2a505478\" data-id=\"2a505478\" data-element_type=\"column\">\n\t\t\t<div class=\"elementor-widget-wrap elementor-element-populated\">\n\t\t\t\t\t\t<div class=\"elementor-element elementor-element-15b76e91 team-img elementor-widget elementor-widget-image\" data-id=\"15b76e91\" data-element_type=\"widget\" data-widget_type=\"image.default\">\n\t\t\t\t<div class=\"elementor-widget-container\">\n\t\t\t\t\t\t\t\t\t\t\t\t\t\t\t<img fetchpriority=\"high\" decoding=\"async\" width=\"356\" height=\"620\" src=\"https:\/\/astrolabe.band\/wp-content\/uploads\/2022\/06\/Rui_bio.jpg\" class=\"attachment-full size-full wp-image-2822\" alt=\"\" srcset=\"https:\/\/astrolabe.band\/wp-content\/uploads\/2022\/06\/Rui_bio.jpg 356w, https:\/\/astrolabe.band\/wp-content\/uploads\/2022\/06\/Rui_bio-172x300.jpg 172w\" sizes=\"(max-width: 356px) 100vw, 356px\" \/>\t\t\t\t\t\t\t\t\t\t\t\t\t\t\t<\/div>\n\t\t\t\t<\/div>\n\t\t\t\t\t<\/div>\n\t\t<\/div>\n\t\t\t\t<div class=\"elementor-column elementor-col-33 elementor-top-column elementor-element elementor-element-56b28247\" data-id=\"56b28247\" data-element_type=\"column\">\n\t\t\t<div class=\"elementor-widget-wrap elementor-element-populated\">\n\t\t\t\t\t\t<div class=\"elementor-element elementor-element-621a227b team-desc elementor-widget elementor-widget-text-editor\" data-id=\"621a227b\" data-element_type=\"widget\" data-widget_type=\"text-editor.default\">\n\t\t\t\t<div class=\"elementor-widget-container\">\n\t\t\t\t\t\t\t\t\t<h3 class=\"team-title\"><strong>Rui Teles<\/strong><\/h3>\t\t\t\t\t\t\t\t<\/div>\n\t\t\t\t<\/div>\n\t\t\t\t<div class=\"elementor-element elementor-element-61cc63dc elementor-widget elementor-widget-text-editor\" data-id=\"61cc63dc\" data-element_type=\"widget\" data-widget_type=\"text-editor.default\">\n\t\t\t\t<div class=\"elementor-widget-container\">\n\t\t\t\t\t\t\t\t\t<p data-start=\"70\" data-end=\"280\">wokalista, kompozytor, autor tekst\u00f3w i restaurator, urodzony w Aveiro w p\u00f3\u0142nocnej Portugalii. Swoj\u0105 muzyczn\u0105 drog\u0119 rozpocz\u0105\u0142 w m\u0142odym wieku, zak\u0142adaj\u0105c pierwszy zesp\u00f3\u0142 ju\u017c jako pi\u0119tnastolatek.<\/p><p data-start=\"282\" data-end=\"604\">Studia sp\u0119dzi\u0142 w Guardzie, gdzie kszta\u0142ci\u0142 si\u0119 na trenera pi\u0142ki no\u017cnej i nauczyciela wychowania fizycznego, a jednocze\u015bnie rozwija\u0142 pasj\u0119 do muzyki. W\u0142a\u015bnie tam pozna\u0142 artyst\u00f3w zwi\u0105zanych ze \u015brodowiskiem muzycznym Coimbry i wsp\u00f3\u0142tworzy\u0142 zesp\u00f3\u0142 <strong data-start=\"526\" data-end=\"545\">Carioca Express<\/strong> \u2014 projekt, kt\u00f3ry zapocz\u0105tkowa\u0142 jego profesjonaln\u0105 karier\u0119.<\/p><p data-start=\"606\" data-end=\"1131\">W wieku 25 lat przeni\u00f3s\u0142 si\u0119 do Lizbony, zamieszkuj\u0105c w historycznej Alfamie. Regularne wyst\u0119py w domach fado <em data-start=\"716\" data-end=\"731\">Casas do Fado<\/em> oraz wsp\u00f3\u0142praca z cenionymi portugalskimi muzykami \u2014 m.in. Jo\u00e3o Madeir\u0105, Luisem Pedro Madeir\u0105, Sergio Cost\u0105, Miguelem Verasem, Janit\u0105 Salome i JP Sim\u00f5esem \u2014 przyczyni\u0142y si\u0119 do jego intensywnego artystycznego rozwoju. Jako g\u0142\u00f3wny wokalista zespo\u0142\u00f3w <strong data-start=\"980\" data-end=\"1035\">Quinteto 22222, Beduinos a Gas\u00f3leo, Portugu\u00eas Suave<\/strong> i <strong data-start=\"1038\" data-end=\"1051\">Telefonia<\/strong> wyst\u0119powa\u0142 na wielu wa\u017cnych festiwalach i wydarzeniach muzycznych w Portugalii.<\/p>\t\t\t\t\t\t\t\t<\/div>\n\t\t\t\t<\/div>\n\t\t\t\t\t<\/div>\n\t\t<\/div>\n\t\t\t\t<div class=\"elementor-column elementor-col-33 elementor-top-column elementor-element elementor-element-f7fb855\" data-id=\"f7fb855\" data-element_type=\"column\">\n\t\t\t<div class=\"elementor-widget-wrap elementor-element-populated\">\n\t\t\t\t\t\t<div class=\"elementor-element elementor-element-494adec elementor-widget elementor-widget-spacer\" data-id=\"494adec\" data-element_type=\"widget\" data-widget_type=\"spacer.default\">\n\t\t\t\t<div class=\"elementor-widget-container\">\n\t\t\t\t\t\t\t<div class=\"elementor-spacer\">\n\t\t\t<div class=\"elementor-spacer-inner\"><\/div>\n\t\t<\/div>\n\t\t\t\t\t\t<\/div>\n\t\t\t\t<\/div>\n\t\t\t\t<div class=\"elementor-element elementor-element-bafd678 elementor-widget elementor-widget-text-editor\" data-id=\"bafd678\" data-element_type=\"widget\" data-widget_type=\"text-editor.default\">\n\t\t\t\t<div class=\"elementor-widget-container\">\n\t\t\t\t\t\t\t\t\t<p>Od 2016 roku mieszka i tworzy na Mazurach w Polsce. Wsp\u00f3\u0142praca z gitarzystk\u0105 jazzow\u0105 i kompozytork\u0105 <strong>Krzysi\u0105 G\u00f3rniak<\/strong> zaowocowa\u0142a wieloma koncertami oraz powstaniem zespo\u0142u <strong>Astrolabe<\/strong>. W 2022 roku zesp\u00f3\u0142 nagra\u0142 debiutancki album, na kt\u00f3rym znalaz\u0142y si\u0119 autorskie utwory oraz portugalskie klasyki. Grupa zrealizowa\u0142a r\u00f3wnie\u017c dwa teledyski: <strong>Sweet Almonds<\/strong> i <strong>My Indian Summer<\/strong>.<\/p><p>Na Mazurach Rui rozwija, tak\u017ce swoj\u0105 kulinarn\u0105 pasj\u0119. W Rydzewie za\u0142o\u017cy\u0142 i prowadzi <a href=\"https:\/\/www.facebook.com\/pratododiamazury\"><strong>Prato do Dia \u2014 portugalski food-truck na Mazurach<\/strong>\u00a0<\/a>serwuj\u0105cy autentyczne smaki jego ojczyzny.<\/p><p>\u00a0<\/p>\t\t\t\t\t\t\t\t<\/div>\n\t\t\t\t<\/div>\n\t\t\t\t\t<\/div>\n\t\t<\/div>\n\t\t\t\t\t<\/div>\n\t\t<\/section>\n\t\t\t\t<\/div>\n\t\t","protected":false},"excerpt":{"rendered":"<p>Rui Teles wokalista, kompozytor, autor tekst\u00f3w i restaurator, urodzony w Aveiro w p\u00f3\u0142nocnej Portugalii. Swoj\u0105 muzyczn\u0105 drog\u0119 rozpocz\u0105\u0142 w m\u0142odym wieku, zak\u0142adaj\u0105c pierwszy zesp\u00f3\u0142 ju\u017c jako pi\u0119tnastolatek. Studia sp\u0119dzi\u0142 w Guardzie, gdzie kszta\u0142ci\u0142 si\u0119 na trenera pi\u0142ki no\u017cnej i nauczyciela wychowania fizycznego, a jednocze\u015bnie rozwija\u0142 pasj\u0119 do muzyki. W\u0142a\u015bnie tam pozna\u0142 artyst\u00f3w zwi\u0105zanych ze \u015brodowiskiem muzycznym Coimbry i wsp\u00f3\u0142tworzy\u0142 zesp\u00f3\u0142&#8230;<\/p>\n","protected":false},"author":1,"featured_media":0,"parent":707,"menu_order":0,"comment_status":"closed","ping_status":"closed","template":"","meta":{"footnotes":""},"class_list":["post-1172","page","type-page","status-publish","hentry"],"acf":[],"_links":{"self":[{"href":"https:\/\/astrolabe.band\/index.php\/wp-json\/wp\/v2\/pages\/1172","targetHints":{"allow":["GET"]}}],"collection":[{"href":"https:\/\/astrolabe.band\/index.php\/wp-json\/wp\/v2\/pages"}],"about":[{"href":"https:\/\/astrolabe.band\/index.php\/wp-json\/wp\/v2\/types\/page"}],"author":[{"embeddable":true,"href":"https:\/\/astrolabe.band\/index.php\/wp-json\/wp\/v2\/users\/1"}],"replies":[{"embeddable":true,"href":"https:\/\/astrolabe.band\/index.php\/wp-json\/wp\/v2\/comments?post=1172"}],"version-history":[{"count":31,"href":"https:\/\/astrolabe.band\/index.php\/wp-json\/wp\/v2\/pages\/1172\/revisions"}],"predecessor-version":[{"id":3986,"href":"https:\/\/astrolabe.band\/index.php\/wp-json\/wp\/v2\/pages\/1172\/revisions\/3986"}],"up":[{"embeddable":true,"href":"https:\/\/astrolabe.band\/index.php\/wp-json\/wp\/v2\/pages\/707"}],"wp:attachment":[{"href":"https:\/\/astrolabe.band\/index.php\/wp-json\/wp\/v2\/media?parent=1172"}],"curies":[{"name":"wp","href":"https:\/\/api.w.org\/{rel}","templated":true}]}}